{"id":11,"date":"2021-10-29T10:35:06","date_gmt":"2021-10-29T08:35:06","guid":{"rendered":"https:\/\/test.toellners-edelfisch.de\/?page_id=11"},"modified":"2021-10-29T10:35:09","modified_gmt":"2021-10-29T08:35:09","slug":"rueckerstattung_rueckgaben","status":"publish","type":"page","link":"https:\/\/test.toellners-edelfisch.de\/?page_id=11","title":{"rendered":"Widerrufsrecht"},"content":{"rendered":"\n<p>Sie haben das Recht, binnen vierzehn Tagen ohne Angabe von Gr\u00fcnden diesen Vertrag zu widerrufen.<br><br>Die Widerrufsfrist betr\u00e4gt vierzehn Tage ab dem Tag, an dem Sie oder ein von Ihnen benannter Dritter, der nicht der Bef\u00f6rderer ist, die letzte Ware in Besitz genommen haben bzw. hat.<br>Um Ihr Widerrufsrecht auszu\u00fcben, m\u00fcssen Sie uns<\/p>\n\n\n\n<p>T\u00f6llner Edelfisch GmbH &amp; Co. KG<br>Ter-Borg Str. 4<br>26316 Varel<br>Telefon: 0 44 51 \/ 59 85<br>Telefax: 0 44 51 \/ 860 444<br>E-Mail: <a href=\"mailto:shop@toellners-edelfisch.de\">shop@toellners-edelfisch.de<\/a><br><br>mittels einer eindeutigen Erkl\u00e4rung (z.B. ein mit der Post versandter Brief, Telefax oder E-Mail) \u00fcber Ihren Entschluss, diesen Vertrag zu widerrufen, informieren.<br><br>Zur Wahrung der Widerrufsfrist reicht es aus, dass Sie die Mitteilung \u00fcber die Aus\u00fcbung des Widerrufsrechts vor Ablauf der Widerrufsfrist absenden.<br><br><strong>Folgen des Widerrufs<\/strong><br>Wenn Sie diesen Vertrag widerrufen, haben wir Ihnen alle Zahlungen, die wir von Ihnen erhalten haben, einschlie\u00dflich der Lieferkosten (mit Ausnahme der zus\u00e4tzlichen Kosten, die sich daraus ergeben, dass Sie eine andere Art der Lieferung als die von uns angebotene, g\u00fcnstigste Standardlieferung gew\u00e4hlt haben), unverz\u00fcglich und sp\u00e4testens binnen vierzehn Tagen ab dem Tag zur\u00fcckzuzahlen, an dem die Mitteilung \u00fcber Ihren Widerruf dieses Vertrages bei uns eingegangen ist. F\u00fcr diese R\u00fcckzahlung verwenden wir dasselbe Zahlungsmittel, das Sie bei der urspr\u00fcnglichen Transaktion eingesetzt haben, es sei denn, mit Ihnen wurde ausdr\u00fccklich etwas anderes vereinbart; in keinem Fall werden Ihnen wegen dieser R\u00fcckzahlung Entgelte berechnet. Wir k\u00f6nnen die R\u00fcckzahlung verweigern, bis wir die Waren wieder zur\u00fcck erhalten haben oder bis Sie den Nachweis erbracht haben, dass Sie die Waren zur\u00fcckgesandt haben, je nachdem, welches der fr\u00fchere Zeitpunkt ist.<br><br>Sie haben die Waren unverz\u00fcglich und in jedem Fall sp\u00e4testens binnen vierzehn Tagen ab dem Tag, an dem Sie uns \u00fcber den Widerruf dieses Vertrags unterrichten, an uns zur\u00fcckzusenden oder zu \u00fcbergeben. Die Frist ist gewahrt, wenn Sie die Waren vor Ablauf der Frist von vierzehn Tagen absenden. Sie tragen die unmittelbaren Kosten der R\u00fccksendung der Waren.<br><br>Sie m\u00fcssen f\u00fcr einen etwaigen Wertverlust der Waren nur aufkommen, wenn dieser Wertverlust auf einen zur Pr\u00fcfung der Beschaffenheit, Eigenschaften und Funktionsweise der Waren nicht notwendigen Umgang mit ihnen zur\u00fcckzuf\u00fchren ist.<\/p>\n\n\n\n<p>&#8211; Ende der Widerrufsbelehrung &#8211;<\/p>\n\n\n\n<p>Das Widerrufsrecht besteht nicht bei Fernabsatzvertr\u00e4gen zur Lieferung von Waren, die nach Kundenspezifikation angefertigt wurden oder die eindeutig auf die pers\u00f6nlichen Bed\u00fcrfnisse zugeschnitten sind oder die aufgrund ihrer Beschaffenheit nicht f\u00fcr eine&nbsp; R\u00fccksendung geeignet sind oder schnell verderben k\u00f6nnen oder deren Verfallsdatum \u00fcberschritten w\u00fcrde.<\/p>\n\n\n\n<p><strong>Wichtiger Hinweis zur Widerrufsbelehrung<br><\/strong>Wir weisen Sie darauf hin, dass das Widerrufsrecht bei Fernabsatzvertragen f\u00fcr den Gro\u00dfteil unserer t\u00e4glich frisch hergestellten Waren nicht besteht!<\/p>\n\n\n\n<p><strong>Unsere Bitte:<\/strong><br>Nehmen Sie im Reklamationsfall oder bei Transportsch\u00e4den umgehend mit uns Kontakt auf!<br>Wir k\u00fcmmern uns um Ihr Anliegen schnell und unb\u00fcrokratisch.<\/p>\n\n\n\n<p>Unsere Waren werden unter h\u00f6chsten Hygienestandards t\u00e4glich frisch produziert und sind schnell verderblich. Deshalb sind sie von der R\u00fcckgabe ausgeschlossen.&nbsp;Bitte haben Sie Verst\u00e4ndnis, dass wir deshalb keine R\u00fccksendung von frischen Waren akzeptieren k\u00f6nnen.<\/p>\n\n\n\n<p>Bei Transportsch\u00e4den:&nbsp;Bitte fotografieren oder dokumentieren Sie Transportsch\u00e4den, damit wir diese an das Transportunternehmen weiterleiten k\u00f6nnen. So k\u00f6nnen wir gegen\u00fcber dem Transportunternehmen Anspr\u00fcche geltend machen und f\u00fcr die Zukunft&nbsp; sicherstellen, dass Ihre Lieferung unbeschadet ankommt.<\/p>\n","protected":false},"excerpt":{"rendered":"<p>Sie haben das Recht, binnen vierzehn Tagen ohne Angabe von Gr\u00fcnden diesen Vertrag zu widerrufen. Die Widerrufsfrist betr\u00e4gt vierzehn Tage ab dem Tag, an dem Sie oder ein von Ihnen benannter Dritter, der nicht der Bef\u00f6rderer ist, die letzte Ware in Besitz genommen haben bzw. hat.Um Ihr Widerrufsrecht auszu\u00fcben, m\u00fcssen Sie uns T\u00f6llner Edelfisch GmbH [&hellip;]<\/p>\n","protected":false},"author":1,"featured_media":0,"parent":0,"menu_order":0,"comment_status":"closed","ping_status":"closed","template":"","meta":{"spay_email":"","footnotes":""},"class_list":["post-11","page","type-page","status-publish","hentry"],"_links":{"self":[{"href":"https:\/\/test.toellners-edelfisch.de\/index.php?rest_route=\/wp\/v2\/pages\/11","targetHints":{"allow":["GET"]}}],"collection":[{"href":"https:\/\/test.toellners-edelfisch.de\/index.php?rest_route=\/wp\/v2\/pages"}],"about":[{"href":"https:\/\/test.toellners-edelfisch.de\/index.php?rest_route=\/wp\/v2\/types\/page"}],"author":[{"embeddable":true,"href":"https:\/\/test.toellners-edelfisch.de\/index.php?rest_route=\/wp\/v2\/users\/1"}],"replies":[{"embeddable":true,"href":"https:\/\/test.toellners-edelfisch.de\/index.php?rest_route=%2Fwp%2Fv2%2Fcomments&post=11"}],"version-history":[{"count":1,"href":"https:\/\/test.toellners-edelfisch.de\/index.php?rest_route=\/wp\/v2\/pages\/11\/revisions"}],"predecessor-version":[{"id":360,"href":"https:\/\/test.toellners-edelfisch.de\/index.php?rest_route=\/wp\/v2\/pages\/11\/revisions\/360"}],"wp:attachment":[{"href":"https:\/\/test.toellners-edelfisch.de\/index.php?rest_route=%2Fwp%2Fv2%2Fmedia&parent=11"}],"curies":[{"name":"wp","href":"https:\/\/api.w.org\/{rel}","templated":true}]}}