{"id":361,"date":"2021-10-29T10:36:01","date_gmt":"2021-10-29T08:36:01","guid":{"rendered":"https:\/\/test.toellners-edelfisch.de\/?page_id=361"},"modified":"2021-10-29T10:36:03","modified_gmt":"2021-10-29T08:36:03","slug":"versand-und-zahlungsbedingungen","status":"publish","type":"page","link":"https:\/\/test.toellners-edelfisch.de\/?page_id=361","title":{"rendered":"Versand und Zahlungsbedingungen"},"content":{"rendered":"\n<p><strong>Versandinformationen<\/strong><br>Alle R\u00e4ucherspezialit\u00e4ten von T\u00f6llner\u2019s Edelfisch werden nach Eingang der Bestellung in unserer Produktion tagesfrisch hergestellt.<\/p>\n\n\n\n<p>Wir versenden von Dienstag bis Donnerstag. Bestellungen, die bis 14:30 Uhr eingehen, werden normalerweise noch am selben Tag versendet.<\/p>\n\n\n\n<p>In sehr seltenen Ausnahmef\u00e4llen kann sich die Lieferung durch UPS verz\u00f6gern, da die Zustellung nur zu 99% garantiert wird. In diesem Fall ersetzen wir Ihnen Ihre Ware kostenfrei. Sprechen Sie uns einfach an!<\/p>\n\n\n\n<p>Bitte stellen Sie sicher, dass am Liefertag Ihre Bestellung entgegengenommen werden kann. Sie k\u00f6nnen auch eine abweichende Lieferanschrift angeben. (Ausgenommen Kauf auf Rechnung.)<\/p>\n\n\n\n<p><strong>Sendungsverfolgung<br><\/strong>Zu Ihrer Informationen erhalten Sie f\u00fcr jede Bestellung eine Paketnummer f\u00fcr die UPS Sendungsverfolgung, sodass Sie zu jederzeit den aktuellen Status Ihrer Lieferung \u00fcberpr\u00fcfen k\u00f6nnen.<\/p>\n\n\n\n<p><strong>Verpackung<\/strong><br>Frischer R\u00e4ucherfisch kann nach der Herstellung&nbsp;im K\u00fchlschrank ca. 10 Tage aufbewahrt werden. Daher werden alle frischen Artikel bei T\u00f6llner\u2019s Edelfisch vakuumverpackt versendet.<\/p>\n\n\n\n<p>Die Frischebox kommt deshalb nur in den hei\u00dfen Sommermonaten zum Einsatz. Diese ist ein Versandkarton mit isolierendem Styroporeinsatz, der mit K\u00fchlpads gek\u00fchlt wird.<\/p>\n\n\n\n<p><strong>Versandkosten<\/strong><br>&#8211; Versand innerhalb Deutschlands: 9,90\u20ac.<br>Zzgl. Mehrpaketeaufschlag bei gro\u00dfen Bestellungen: 8,00 \u20ac<\/p>\n\n\n\n<p><strong>Zahlungsm\u00f6glichkeiten<\/strong><br>Aus diesen Zahlungsm\u00f6glichkeiten k\u00f6nnen Sie w\u00e4hlen:<br>&#8211; Vorauskasse per \u00dcberweisung<br>&#8211; Paypal<\/p>\n\n\n\n<p><strong>Lieferung<\/strong><br>Der Versand Ihrer Bestellung wird von UPS durchgef\u00fchrt.<br>Ihre Lieferung wird bei Ihrer genannten Lieferanschrift pers\u00f6nlich abgegeben.<\/p>\n\n\n\n<p>T\u00f6llner\u2019s Edelfisch liefert nur innerhalb Deutschlands auf dem Festland. Sollten Sie einen Versand in ein anderes Land w\u00fcnschen, ist das nur nach vorheriger Absprache m\u00f6glich.<\/p>\n\n\n\n<p>Schreiben Sie uns dazu eine E-Mail an <a href=\"mailto:shop@toellners-edelfisch.de\">shop@toellners-edelfisch.de<\/a> und nennen Sie uns Artikel, Menge und gew\u00fcnschten Zielort, damit wir die Versandkosten und m\u00f6gliche weitere Kosten ermitteln k\u00f6nnen.<\/p>\n","protected":false},"excerpt":{"rendered":"<p>VersandinformationenAlle R\u00e4ucherspezialit\u00e4ten von T\u00f6llner\u2019s Edelfisch werden nach Eingang der Bestellung in unserer Produktion tagesfrisch hergestellt. Wir versenden von Dienstag bis Donnerstag. Bestellungen, die bis 14:30 Uhr eingehen, werden normalerweise noch am selben Tag versendet. In sehr seltenen Ausnahmef\u00e4llen kann sich die Lieferung durch UPS verz\u00f6gern, da die Zustellung nur zu 99% garantiert wird. In diesem [&hellip;]<\/p>\n","protected":false},"author":1,"featured_media":0,"parent":0,"menu_order":0,"comment_status":"closed","ping_status":"closed","template":"","meta":{"spay_email":"","footnotes":""},"class_list":["post-361","page","type-page","status-publish","hentry"],"_links":{"self":[{"href":"https:\/\/test.toellners-edelfisch.de\/index.php?rest_route=\/wp\/v2\/pages\/361","targetHints":{"allow":["GET"]}}],"collection":[{"href":"https:\/\/test.toellners-edelfisch.de\/index.php?rest_route=\/wp\/v2\/pages"}],"about":[{"href":"https:\/\/test.toellners-edelfisch.de\/index.php?rest_route=\/wp\/v2\/types\/page"}],"author":[{"embeddable":true,"href":"https:\/\/test.toellners-edelfisch.de\/index.php?rest_route=\/wp\/v2\/users\/1"}],"replies":[{"embeddable":true,"href":"https:\/\/test.toellners-edelfisch.de\/index.php?rest_route=%2Fwp%2Fv2%2Fcomments&post=361"}],"version-history":[{"count":1,"href":"https:\/\/test.toellners-edelfisch.de\/index.php?rest_route=\/wp\/v2\/pages\/361\/revisions"}],"predecessor-version":[{"id":362,"href":"https:\/\/test.toellners-edelfisch.de\/index.php?rest_route=\/wp\/v2\/pages\/361\/revisions\/362"}],"wp:attachment":[{"href":"https:\/\/test.toellners-edelfisch.de\/index.php?rest_route=%2Fwp%2Fv2%2Fmedia&parent=361"}],"curies":[{"name":"wp","href":"https:\/\/api.w.org\/{rel}","templated":true}]}}