{"id":363,"date":"2021-10-29T10:36:47","date_gmt":"2021-10-29T08:36:47","guid":{"rendered":"https:\/\/test.toellners-edelfisch.de\/?page_id=363"},"modified":"2021-10-29T10:36:49","modified_gmt":"2021-10-29T08:36:49","slug":"agb","status":"publish","type":"page","link":"https:\/\/test.toellners-edelfisch.de\/?page_id=363","title":{"rendered":"AGB"},"content":{"rendered":"\n<p><strong>Allgemeine Gesch\u00e4ftsbedingungen<\/strong><br><br><strong>1. Geltungsbereich<\/strong><br>F\u00fcr alle Bestellungen&nbsp; \u00fcber unseren Online-Shop&nbsp; an Verbraucher (\u00a7 13 BGB) gelten die nachfolgenden Allgemeinen Gesch\u00e4ftsbedingungen (AGB). Verbraucher ist jede nat\u00fcrliche Person, die ein Rechtsgesch\u00e4ft zu einem Zwecke abschlie\u00dft, der weder ihrer gewerblichen noch ihrer selbstst\u00e4ndigen beruflichen T\u00e4tigkeit zugerechnet werden kann.<br><br><strong>2. Vertragspartner, Kundendienst<\/strong><br>Der Kaufvertrag kommt zustande mit:<br><strong>T\u00f6llner Edelfisch GmbH &amp; Co.<\/strong><br>KGGesch\u00e4ftsf\u00fchrer: Udo T\u00f6llner &amp; Axel T\u00f6llner<br>Ter-Borg Str. 4<br>26316 Varel<br><br>Sie erreichen uns f\u00fcr Anregungen, Bestellungen und Fragen telefonisch von<br>Di-Fr. 08:00-18:00 Uhr und Samstag von 08:00 &#8211; 12:00 Uhr<br>oder per E-Mail an shop@toellners-edelfisch.de<br><br><strong>3. Angebot<\/strong><br>Die Darstellung der Produkte im Online-Shop stellt kein rechtlich bindendes Angebot, sondern eine Aufforderung zur Bestellung dar. Bilder zeigen Produkte aus unserem eigenen Sortiment und unserer Ware, jedoch kann es zu Unterschieden in Qualit\u00e4t und Gr\u00f6\u00dfe kommen. Selbstverst\u00e4ndlich verkaufen wir nur fangfrische Ware. Unterschiede entstehen daher eher zu unterschiedlichen&nbsp; Jahreszeiten etc.<\/p>\n\n\n\n<p><strong>4. Vertragsabschluss<\/strong><br>Mit Einstellung der Produkte in unseren Onlineshop geben wir ein verbindliches Angebot zum Vertragsschluss \u00fcber die im Shop verf\u00fcgbaren Artikel ab. Der Vertrag kommt zustande, indem Sie durch Anklicken des Bestellbuttons das Angebot \u00fcber die im Warenkorb enthaltenen Waren annehmen. Unmittelbar nach dem Absenden der Bestellung erhalten Sie unsere Best\u00e4tigung per EMail. Ein wirksamer Vertragsschluss besteht demnach,&nbsp; wenn der Bestellvorgang mit Absenden der Bestellung abgeschlossen wird.<br><br><strong>5. Versand und Versandkosten<\/strong><br>Zuz\u00fcglich zu den angegebenen Produktpreisen werden Versandkosten f\u00e4llig.<br>Der&nbsp; K\u00e4ufer\/Besteller verpflichtet sich, sowohl eine g\u00fcltige Lieferadresse als auch einen Empfang unter angegebener Lieferadresse zu gew\u00e4hrleisten. Versand nur innerhalb Deutschlands.<\/p>\n\n\n\n<p><strong>6. Bezahlung<\/strong><br>Die Zahlung erfolgt per Vorkasse \u00fcber PayPal, Nachname oder Vorkasse\u00fcberweisung.<br><br><strong>7. Selbstabholung<\/strong><br>Gerne k\u00f6nnen Sie Ihre Ware bei uns abholen.<br>T\u00f6llner Edelfisch GmbH &amp; Co. KG<br>Ter-Borg Str. 4<br>26316 Varel<br><br><strong>\u00d6ffnungszeiten<\/strong>:<br>Dienstag bis Freitag von 8:00 &#8211; 18:00 Uhr<br>Samstag von 08:00 &#8211; 14:00 Uhr<br><br><strong>8. Packstation<\/strong><br>Wir liefern nicht an Packstationen.<br><br><strong>9. Eigentumsvorbehalt; Aufrechnung; Zur\u00fcckbehaltungsrecht<\/strong><br>Bei Verk\u00e4ufen \u00fcber unseren Onlineshop behalten wir uns das Eigentum an der Kaufsache bis zur vollst\u00e4ndigen Zahlung des Rechnungsbetrags vor.<br><br><strong>10. Transportsch\u00e4den<\/strong><br>\u00a0Wird Ihre Lieferung\u00a0 mit offensichtlichen Transportsch\u00e4den angeliefert, so reklamieren Sie diese\u00a0 bitte m\u00f6glichst sofort beim Zusteller und nehmen Sie bitte zus\u00e4tzlich unverz\u00fcglich Kontakt zu uns auf.<br><br><strong>11. Widerrrufsrecht<\/strong><br>Sie k\u00f6nnen erhaltene Ware ohne Angabe von Gr\u00fcnden innerhalb von 14 Tagen durch<br>R\u00fccksendung der Ware zur\u00fcckgeben. Die Frist beginnt nach Erhalt dieser Belehrung in Textform (z.B. als Brief, Fax, E-Mail), jedoch nicht vor Eingang der Ware beim Empf\u00e4nger (bei der wiederkehrenden Lieferung gleichartiger Waren nicht vor Eingang der ersten Teillieferung) und auch nicht vor Erf\u00fcllung unserer Informationspflichten gem\u00e4\u00df \u00a7 2 Artikel 246\u00a0 in Verbindung mit \u00a7 1 Absatz 1 und 2 EGBGB sowie unserer Pflichten gem\u00e4\u00df \u00a7 312g Absatz 1 Satz 1 BGB in Verbindung mit Artikel 246 \u00a7 3 EGBGB. Nur bei nicht paketversandf\u00e4higer Ware (z. B. bei sperrigen G\u00fctern) k\u00f6nnen Sie die R\u00fcckgabe auch durch R\u00fccknahmeverlangen in Textform erkl\u00e4ren.<br><br>Zur Wahrung der Frist gen\u00fcgt die rechtzeitige Absendung der Ware oder des R\u00fccknahmeverlangens. Paketversandf\u00e4hige Sachen sind auf unsere Gefahr zur\u00fcckzusenden.<br><br>Die Kosten der R\u00fccksendung haben Sie zu tragen, wenn die gelieferte Ware der bestellten entspricht und wenn der Preis der zur\u00fcckzusendenden Sache einen Betrag von 40 Euro nicht \u00fcbersteigt.<br>Anderenfalls ist die R\u00fccksendung f\u00fcr Sie kostenfrei.<br><br>Der Widerruf hat zu erfolgen an:<br>T\u00f6llner Edelfisch GmbH &amp; Co. KG<br>Ter-Borg Str. 4<br>26316 Varel\u00a0<br>Telefax: 0 44 51 \/ 860 444<br>E-Mail: <a href=\"mailto:shop@toellners-edelfisch.de\">shop@toellners-edelfisch.de<\/a><br><br><strong>Widerrufsfolgen\u00a0\u00a0<\/strong><br>Im Falle eines wirksamen Widerrufs sind die beiderseits empfangenen Leistungen zur\u00fcckzugew\u00e4hren und ggf. gezogene Nutzungen (z. B. Zinsen, Gewinn) herauszugeben. K\u00f6nnen Sie uns die empfangene Leistung sowie Nutzungen (z.B. Gebrauchsvorteile) nicht oder teilweise nicht oder nur in verschlechtertem Zustand zur\u00fcckgew\u00e4hren beziehungsweise herausgeben, m\u00fcssen Sie uns insoweit Wertersatz leisten.<br><br>F\u00fcr eine durch die bestimmungsgem\u00e4\u00dfe Ingebrauchnahme der Sache entstandene Verschlechterung m\u00fcssen Sie keinen Wertersatz leisten. Wertersatz f\u00fcr gezogene Nutzungen m\u00fcssen Sie nur leisten, soweit Sie die Ware in einer Art und Weise genutzt haben, die \u00fcber die Pr\u00fcfung der Eigenschaften und der Funktionsweise hinausgeht. Unter \u201ePr\u00fcfung der Eigenschaften und der Funktionsweise\u201c versteht man das Testen und Ausprobieren der jeweiligen Ware, wie es etwa im Ladengesch\u00e4ft\u00a0 das Testen und Probieren der Ware.<br><br>Verpflichtungen zur Erstattung von Zahlungen m\u00fcssen innerhalb von 30 Tagen erf\u00fcllt werden. Die Frist beginnt f\u00fcr Sie mit der Absendung der Ware oder Ihrer Widerrufserkl\u00e4rung, f\u00fcr uns mit deren Empfang.<br>Laut \u00a7 312d Abs. 4 Nr.1 BGB\u00a0 besteht das Widerrufsrecht nicht bei Fernabsatzvertr\u00e4gen zur Lieferung von Waren, die nach Kundenspezifikation angefertigt werden oder eindeutig auf die pers\u00f6nlichen Bed\u00fcrfnisse zugeschnitten sind oder die aufgrund ihrer Beschaffenheit nicht f\u00fcr eine R\u00fccksendung geeignet sind oder schnell verderben k\u00f6nnen oder deren Verfallsdatum \u00fcberschritten wurde<\/p>\n","protected":false},"excerpt":{"rendered":"<p>Allgemeine Gesch\u00e4ftsbedingungen 1. GeltungsbereichF\u00fcr alle Bestellungen&nbsp; \u00fcber unseren Online-Shop&nbsp; an Verbraucher (\u00a7 13 BGB) gelten die nachfolgenden Allgemeinen Gesch\u00e4ftsbedingungen (AGB). Verbraucher ist jede nat\u00fcrliche Person, die ein Rechtsgesch\u00e4ft zu einem Zwecke abschlie\u00dft, der weder ihrer gewerblichen noch ihrer selbstst\u00e4ndigen beruflichen T\u00e4tigkeit zugerechnet werden kann. 2. Vertragspartner, KundendienstDer Kaufvertrag kommt zustande mit:T\u00f6llner Edelfisch GmbH &amp; Co.KGGesch\u00e4ftsf\u00fchrer: [&hellip;]<\/p>\n","protected":false},"author":1,"featured_media":0,"parent":0,"menu_order":0,"comment_status":"closed","ping_status":"closed","template":"","meta":{"spay_email":"","footnotes":""},"class_list":["post-363","page","type-page","status-publish","hentry"],"_links":{"self":[{"href":"https:\/\/test.toellners-edelfisch.de\/index.php?rest_route=\/wp\/v2\/pages\/363","targetHints":{"allow":["GET"]}}],"collection":[{"href":"https:\/\/test.toellners-edelfisch.de\/index.php?rest_route=\/wp\/v2\/pages"}],"about":[{"href":"https:\/\/test.toellners-edelfisch.de\/index.php?rest_route=\/wp\/v2\/types\/page"}],"author":[{"embeddable":true,"href":"https:\/\/test.toellners-edelfisch.de\/index.php?rest_route=\/wp\/v2\/users\/1"}],"replies":[{"embeddable":true,"href":"https:\/\/test.toellners-edelfisch.de\/index.php?rest_route=%2Fwp%2Fv2%2Fcomments&post=363"}],"version-history":[{"count":1,"href":"https:\/\/test.toellners-edelfisch.de\/index.php?rest_route=\/wp\/v2\/pages\/363\/revisions"}],"predecessor-version":[{"id":364,"href":"https:\/\/test.toellners-edelfisch.de\/index.php?rest_route=\/wp\/v2\/pages\/363\/revisions\/364"}],"wp:attachment":[{"href":"https:\/\/test.toellners-edelfisch.de\/index.php?rest_route=%2Fwp%2Fv2%2Fmedia&parent=363"}],"curies":[{"name":"wp","href":"https:\/\/api.w.org\/{rel}","templated":true}]}}