{"id":373,"date":"2021-10-29T10:42:06","date_gmt":"2021-10-29T08:42:06","guid":{"rendered":"https:\/\/test.toellners-edelfisch.de\/?page_id=373"},"modified":"2021-10-29T11:21:01","modified_gmt":"2021-10-29T09:21:01","slug":"herstellung-reinheitsgebot","status":"publish","type":"page","link":"https:\/\/test.toellners-edelfisch.de\/?page_id=373","title":{"rendered":"Reinheitsgebot &#038; \u00dcber Uns"},"content":{"rendered":"\n<div class=\"wp-block-media-text alignwide has-media-on-the-right is-stacked-on-mobile\" style=\"grid-template-columns:auto 20%\"><figure class=\"wp-block-media-text__media\"><img loading=\"lazy\" decoding=\"async\" width=\"576\" height=\"1024\" src=\"https:\/\/test.toellners-edelfisch.de\/wp-content\/uploads\/2021\/10\/img6-576x1024.jpg\" alt=\"Mitarbeiter\" class=\"wp-image-163 size-large\" srcset=\"https:\/\/test.toellners-edelfisch.de\/wp-content\/uploads\/2021\/10\/img6-576x1024.jpg 576w, https:\/\/test.toellners-edelfisch.de\/wp-content\/uploads\/2021\/10\/img6-600x1067.jpg 600w, https:\/\/test.toellners-edelfisch.de\/wp-content\/uploads\/2021\/10\/img6-169x300.jpg 169w, https:\/\/test.toellners-edelfisch.de\/wp-content\/uploads\/2021\/10\/img6.jpg 675w\" sizes=\"auto, (max-width: 576px) 100vw, 576px\" \/><\/figure><div class=\"wp-block-media-text__content\">\n<h2 class=\"wp-block-heading\"><strong>Wir haben f\u00fcr unser Reinheitsgebot ganz einfache Zutaten:<\/strong><\/h2>\n\n\n\n<ul class=\"wp-block-list\"><li>ausgew\u00e4hlte regionale Lieferanten<\/li><li>fangfrische, handgeschlachtete Fische<\/li><li>sofortige Verarbeitung mit hochwertigen Zutaten<\/li><\/ul>\n\n\n\n<p>&nbsp;So k\u00f6nnen wir Ihnen bei T\u00f6llner\u2019s Edelfisch jederzeit beste Qualit\u00e4t garantieren, die man sieht, riecht und schmeckt.<\/p>\n<\/div><\/div>\n\n\n\n<div style=\"height:30px\" aria-hidden=\"true\" class=\"wp-block-spacer\"><\/div>\n\n\n\n<hr class=\"wp-block-separator has-text-color has-background has-cyan-bluish-gray-background-color has-cyan-bluish-gray-color\"\/>\n\n\n\n<div style=\"height:30px\" aria-hidden=\"true\" class=\"wp-block-spacer\"><\/div>\n\n\n\n<div class=\"wp-block-media-text alignwide is-stacked-on-mobile\" style=\"grid-template-columns:20% auto\"><figure class=\"wp-block-media-text__media\"><img loading=\"lazy\" decoding=\"async\" width=\"720\" height=\"960\" src=\"https:\/\/test.toellners-edelfisch.de\/wp-content\/uploads\/2021\/10\/12141739_741744362597276_6427827797361556884_n.jpg\" alt=\"\" class=\"wp-image-146 size-full\" srcset=\"https:\/\/test.toellners-edelfisch.de\/wp-content\/uploads\/2021\/10\/12141739_741744362597276_6427827797361556884_n.jpg 720w, https:\/\/test.toellners-edelfisch.de\/wp-content\/uploads\/2021\/10\/12141739_741744362597276_6427827797361556884_n-600x800.jpg 600w, https:\/\/test.toellners-edelfisch.de\/wp-content\/uploads\/2021\/10\/12141739_741744362597276_6427827797361556884_n-225x300.jpg 225w\" sizes=\"auto, (max-width: 720px) 100vw, 720px\" \/><\/figure><div class=\"wp-block-media-text__content\">\n<h2 class=\"wp-block-heading\">Alle hausger\u00e4ucherten Fischspezialit\u00e4ten sind:<\/h2>\n\n\n\n<p><strong>Ohne Konservierungsstoffe<\/strong>: Bei T\u00f6llner\u2018 Edelfisch erfolgt die Haltbarkeit durch fangfrische Schlachtung sowie durch nat\u00fcrlich konservierende Zubereitung wie Salzen, R\u00e4uchern oder W\u00fcrzen.<\/p>\n\n\n\n<p><strong>Ohne Farbstoffe<\/strong>: Bei T\u00f6llner\u2019s Edelfisch haben die Fische ein nat\u00fcrlich frisches Aussehen. Glassuren oder Farbstoffe sind bei frischen, hochwertigen Fischspezialit\u00e4ten nicht notwendig.<\/p>\n\n\n\n<p><strong>Ohne Geschmacksverst\u00e4rker<\/strong>: Jeder Fisch besitzt ein eigenes Aroma, das sowohl durch seine Art als auch durch Futter, Aufzucht und Wasserqualit\u00e4t gepr\u00e4gt wird. Durch Salzen, R\u00e4uchern und W\u00fcrzen wird der Geschmack auf nat\u00fcrliche Weise intensiviert.<\/p>\n<\/div><\/div>\n\n\n\n<div style=\"height:25px\" aria-hidden=\"true\" class=\"wp-block-spacer\"><\/div>\n\n\n\n<hr class=\"wp-block-separator has-text-color has-background has-cyan-bluish-gray-background-color has-cyan-bluish-gray-color\"\/>\n\n\n\n<div style=\"height:25px\" aria-hidden=\"true\" class=\"wp-block-spacer\"><\/div>\n\n\n\n<h2 class=\"wp-block-heading\">Edelfischr\u00e4ucherei mit Familientradition<\/h2>\n\n\n\n<p>Mit der Edelfischr\u00e4ucherei hat sich Familie T\u00f6llner bereits in zweiter Generation hochwertigen Fischspezialit\u00e4ten verschrieben. In den Anfangsjahren war T\u00f6llner\u2019s Edelfisch in erster Linie ein Forellenhof mit eigener Zucht. Die R\u00e4ucherei wurde erst sp\u00e4ter weiter ausgebaut.<\/p>\n\n\n\n<div style=\"height:30px\" aria-hidden=\"true\" class=\"wp-block-spacer\"><\/div>\n\n\n\n<div class=\"wp-block-media-text alignwide has-media-on-the-right is-stacked-on-mobile\"><figure class=\"wp-block-media-text__media\"><img loading=\"lazy\" decoding=\"async\" width=\"798\" height=\"360\" src=\"https:\/\/test.toellners-edelfisch.de\/wp-content\/uploads\/2021\/10\/fischplatte.jpg\" alt=\"Fischplatte\" class=\"wp-image-387 size-full\" srcset=\"https:\/\/test.toellners-edelfisch.de\/wp-content\/uploads\/2021\/10\/fischplatte.jpg 798w, https:\/\/test.toellners-edelfisch.de\/wp-content\/uploads\/2021\/10\/fischplatte-300x135.jpg 300w, https:\/\/test.toellners-edelfisch.de\/wp-content\/uploads\/2021\/10\/fischplatte-768x346.jpg 768w, https:\/\/test.toellners-edelfisch.de\/wp-content\/uploads\/2021\/10\/fischplatte-600x271.jpg 600w\" sizes=\"auto, (max-width: 798px) 100vw, 798px\" \/><\/figure><div class=\"wp-block-media-text__content\">\n<h2 class=\"wp-block-heading\">Fischfachbetrieb mit gro\u00dfem Sortiment<\/h2>\n\n\n\n<p>Mit der Zeit w\u00fcnschten sich begeisterte Kunden auch weitere Fischspezialit\u00e4ten. Daraufhin wurde das Sortiment nach und nach erweitert. Das Familienunternehmen wuchs mit den Jahren zu einer Edelfischr\u00e4ucherei sowie einem Fischfachbetrieb mit gro\u00dfem Sortiment heran. Mittlerweile sind die Fischspezialit\u00e4ten am Hauptsitz in Jeringhave, in der Filiale Varel, an elf Wochenm\u00e4rkten und im Online-Shop erh\u00e4ltlich.<\/p>\n<\/div><\/div>\n\n\n\n<div style=\"height:30px\" aria-hidden=\"true\" class=\"wp-block-spacer\"><\/div>\n\n\n\n<div style=\"height:30px\" aria-hidden=\"true\" class=\"wp-block-spacer\"><\/div>\n\n\n\n<div class=\"wp-block-media-text alignwide is-stacked-on-mobile\"><figure class=\"wp-block-media-text__media\"><img loading=\"lazy\" decoding=\"async\" width=\"1000\" height=\"350\" src=\"https:\/\/test.toellners-edelfisch.de\/wp-content\/uploads\/2021\/10\/cropped-92846306_2577268939044800_6494467542029959168_n.jpg\" alt=\"\" class=\"wp-image-246 size-full\" srcset=\"https:\/\/test.toellners-edelfisch.de\/wp-content\/uploads\/2021\/10\/cropped-92846306_2577268939044800_6494467542029959168_n.jpg 1000w, https:\/\/test.toellners-edelfisch.de\/wp-content\/uploads\/2021\/10\/cropped-92846306_2577268939044800_6494467542029959168_n-300x105.jpg 300w, https:\/\/test.toellners-edelfisch.de\/wp-content\/uploads\/2021\/10\/cropped-92846306_2577268939044800_6494467542029959168_n-768x269.jpg 768w, https:\/\/test.toellners-edelfisch.de\/wp-content\/uploads\/2021\/10\/cropped-92846306_2577268939044800_6494467542029959168_n-600x210.jpg 600w\" sizes=\"auto, (max-width: 1000px) 100vw, 1000px\" \/><\/figure><div class=\"wp-block-media-text__content\">\n<h3 class=\"wp-block-heading\">Familientradition auch bei den Lieferanten<\/h3>\n\n\n\n<p>Verbunden f\u00fchlt sich Familie T\u00f6llner nicht nur Ihren Kunden. Auch zu den Lieferanten bestehen meist langj\u00e4hrige Beziehungen. Allesamt kleine Familienunternehmen oder Zuchtbetriebe, die sich ebenfalls auf hochwertigen Fisch spezialisiert haben und nachhaltige Fangmethoden einsetzen oder umweltschonende Aquakulturen betreiben.<\/p>\n<\/div><\/div>\n\n\n\n<div style=\"height:100px\" aria-hidden=\"true\" class=\"wp-block-spacer\"><\/div>\n","protected":false},"excerpt":{"rendered":"<p>Wir haben f\u00fcr unser Reinheitsgebot ganz einfache Zutaten: ausgew\u00e4hlte regionale Lieferanten fangfrische, handgeschlachtete Fische sofortige Verarbeitung mit hochwertigen Zutaten &nbsp;So k\u00f6nnen wir Ihnen bei T\u00f6llner\u2019s Edelfisch jederzeit beste Qualit\u00e4t garantieren, die man sieht, riecht und schmeckt. Alle hausger\u00e4ucherten Fischspezialit\u00e4ten sind: Ohne Konservierungsstoffe: Bei T\u00f6llner\u2018 Edelfisch erfolgt die Haltbarkeit durch fangfrische Schlachtung sowie durch nat\u00fcrlich konservierende [&hellip;]<\/p>\n","protected":false},"author":1,"featured_media":0,"parent":0,"menu_order":0,"comment_status":"closed","ping_status":"closed","template":"","meta":{"spay_email":"","footnotes":""},"class_list":["post-373","page","type-page","status-publish","hentry"],"_links":{"self":[{"href":"https:\/\/test.toellners-edelfisch.de\/index.php?rest_route=\/wp\/v2\/pages\/373","targetHints":{"allow":["GET"]}}],"collection":[{"href":"https:\/\/test.toellners-edelfisch.de\/index.php?rest_route=\/wp\/v2\/pages"}],"about":[{"href":"https:\/\/test.toellners-edelfisch.de\/index.php?rest_route=\/wp\/v2\/types\/page"}],"author":[{"embeddable":true,"href":"https:\/\/test.toellners-edelfisch.de\/index.php?rest_route=\/wp\/v2\/users\/1"}],"replies":[{"embeddable":true,"href":"https:\/\/test.toellners-edelfisch.de\/index.php?rest_route=%2Fwp%2Fv2%2Fcomments&post=373"}],"version-history":[{"count":3,"href":"https:\/\/test.toellners-edelfisch.de\/index.php?rest_route=\/wp\/v2\/pages\/373\/revisions"}],"predecessor-version":[{"id":388,"href":"https:\/\/test.toellners-edelfisch.de\/index.php?rest_route=\/wp\/v2\/pages\/373\/revisions\/388"}],"wp:attachment":[{"href":"https:\/\/test.toellners-edelfisch.de\/index.php?rest_route=%2Fwp%2Fv2%2Fmedia&parent=373"}],"curies":[{"name":"wp","href":"https:\/\/api.w.org\/{rel}","templated":true}]}}