{"id":18,"date":"2021-10-14T10:13:21","date_gmt":"2021-10-14T08:13:21","guid":{"rendered":"https:\/\/test.toellners-edelfisch.de\/?post_type=product&#038;p=18"},"modified":"2021-10-29T10:06:00","modified_gmt":"2021-10-29T08:06:00","slug":"zwiebel-makrele-filet-160g","status":"publish","type":"product","link":"https:\/\/test.toellners-edelfisch.de\/?product=zwiebel-makrele-filet-160g","title":{"rendered":"Zwiebel Makrele Filet 160g"},"content":{"rendered":"<h2>Zwiebelmakrele Filet<\/h2>\n<p>Frisch ger\u00e4uchertes Zwiebelmakrelen-Filet, sehr mild-w\u00fcrzig mit Zwiebeln und Paprika verfeinert und in tagesfrischer Produktion in der eigenen R\u00e4ucherei nach hauseigenem Rezept veredelt. T\u00f6llner&#8217;s Zwiebelmakrelen-Filets haben ein zartes, saftiges Fleisch und schmecken so lecker, dass man nicht genug bekommen kann!<\/p>\n<p>Makrelen sind Salzwasserfische aus dem Nordostatlantik. Sie z\u00e4hlen zu den beliebten Speisefischen. Nur die beste Qualit\u00e4t wird bei T\u00f6llner\u2018s Edelfisch verarbeitet.<\/p>\n<p><strong>Herkunft<\/strong>: Die Makrelen stammen aus dem Nordostatlantik.<\/p>\n<p><strong>Verarbeitung<\/strong>: Angelieferte Rohware wird in unserer Produktion auf einwandfreie Qualit\u00e4t gepr\u00fcft. Jede Makrele wird einzeln angesehen, in Handarbeit filiert und anschlie\u00dfend mit Zwiebeln, Paprika und weiteren Gew\u00fcrzen verfeinert. Der besondere Geschmack unserer Makrelen liegt an unserem exklusiven R\u00e4ucherverfahren im Altonaer Ofen. Bei fein abgestimmter Temperatur und R\u00e4ucherzeit entlockt T\u00f6llner\u2019s R\u00e4uchermeister den Makrelen ein besonders vollmundiges Aroma.<\/p>\n<p><strong>Zutaten<\/strong>: Makrele, Zwiebeln, Paprika, Salz, Rauch, Gew\u00fcrze.<\/p>\n<p><strong>Haltbarkeit<\/strong>: mindestens 10 Tage haltbar<br \/>\nBei T\u00f6llner\u2018 Edelfisch erfolgt die Haltbarkeit durch fangfrische Schlachtung sowie durch nat\u00fcrliche konservierende Zubereitung wie Salzen, R\u00e4uchern oder W\u00fcrzen. Falls Sie Zwiebelmakrelen-Filets l\u00e4nger aufbewahren m\u00f6chten, frieren Sie diese bitte ein.<\/p>\n<p><strong>Verpackung<\/strong>: vakuumverpackt<br \/>\nT\u00f6llner\u2018s Edelfisch Reinheitsgebot: ohne Farbstoffe, ohne Konservierungsstoffe, ohne Geschmacksverst\u00e4rker<\/p>\n<p><strong>Herkunftsland<\/strong>: Nordostatlantik, Wildfang<\/p>\n<p><strong>Lat. Bezeichnung<\/strong>: Scomber scombrus<\/p>\n<p><strong>\u00d8 N\u00e4hrwerte pro 100 g:<\/strong><br \/>\nBrennwert: 192 kcal \/ 804 kJ<br \/>\nEiwei\u00df: 19 g<br \/>\nKohlenhydrate: 0 g<br \/>\nFett: 13 g<\/p>\n","protected":false},"excerpt":{"rendered":"<p>Frisch ger\u00e4uchertes Zwiebelmakrelen-Filet, sehr mild-w\u00fcrzig mit Zwiebeln und Paprika verfeinert und in tagesfrischer Produktion in der eigenen R\u00e4ucherei nach hauseigenem Rezept veredelt. Tagesfrische Produktion, frisch aus T\u00f6llner\u2019s eigener Schlachterei und R\u00e4ucherei.<\/p>\n","protected":false},"featured_media":114,"comment_status":"open","ping_status":"closed","template":"","meta":{"spay_email":""},"product_cat":[18],"product_tag":[],"class_list":{"0":"post-18","1":"product","2":"type-product","3":"status-publish","4":"has-post-thumbnail","6":"product_cat-makrele","7":"product_shipping_class-de9-90-eur","9":"first","10":"instock","11":"taxable","12":"shipping-taxable","13":"purchasable","14":"product-type-simple"},"_links":{"self":[{"href":"https:\/\/test.toellners-edelfisch.de\/index.php?rest_route=\/wp\/v2\/product\/18","targetHints":{"allow":["GET"]}}],"collection":[{"href":"https:\/\/test.toellners-edelfisch.de\/index.php?rest_route=\/wp\/v2\/product"}],"about":[{"href":"https:\/\/test.toellners-edelfisch.de\/index.php?rest_route=\/wp\/v2\/types\/product"}],"replies":[{"embeddable":true,"href":"https:\/\/test.toellners-edelfisch.de\/index.php?rest_route=%2Fwp%2Fv2%2Fcomments&post=18"}],"wp:featuredmedia":[{"embeddable":true,"href":"https:\/\/test.toellners-edelfisch.de\/index.php?rest_route=\/wp\/v2\/media\/114"}],"wp:attachment":[{"href":"https:\/\/test.toellners-edelfisch.de\/index.php?rest_route=%2Fwp%2Fv2%2Fmedia&parent=18"}],"wp:term":[{"taxonomy":"product_cat","embeddable":true,"href":"https:\/\/test.toellners-edelfisch.de\/index.php?rest_route=%2Fwp%2Fv2%2Fproduct_cat&post=18"},{"taxonomy":"product_tag","embeddable":true,"href":"https:\/\/test.toellners-edelfisch.de\/index.php?rest_route=%2Fwp%2Fv2%2Fproduct_tag&post=18"}],"curies":[{"name":"wp","href":"https:\/\/api.w.org\/{rel}","templated":true}]}}