{"id":21,"date":"2021-10-14T10:13:21","date_gmt":"2021-10-14T08:13:21","guid":{"rendered":"https:\/\/test.toellners-edelfisch.de\/?post_type=product&#038;p=21"},"modified":"2021-10-14T12:18:27","modified_gmt":"2021-10-14T10:18:27","slug":"stremellachs-natur-200g","status":"publish","type":"product","link":"https:\/\/test.toellners-edelfisch.de\/?product=stremellachs-natur-200g","title":{"rendered":"Stremellachs Natur 200g"},"content":{"rendered":"<p>Frisches, hei\u00df ger\u00e4uchertes Lachsfilet nach altem Rezept. Diese alte traditionelle ostpreu\u00dfische Spezialit\u00e4t wird aus den Filetst\u00fccken der hochwertigsten Lachsqualit\u00e4t hergestellt, des sogen. Tagesfrische Produktion, frisch aus T\u00f6llner\u2019s eigener Schlachterei und R\u00e4ucherei.<\/p>\n","protected":false},"excerpt":{"rendered":"<p>Frisches, hei\u00df ger\u00e4uchertes Lachsfilet nach altem Rezept. Diese alte traditionelle ostpreu\u00dfische Spezialit\u00e4t wird aus den Filetst\u00fccken der hochwertigsten Lachsqualit\u00e4t hergestellt, des sogen. Tagesfrische Produktion, frisch aus T\u00f6llner\u2019s eigener Schlachterei und R\u00e4ucherei.<\/p>\n","protected":false},"featured_media":111,"comment_status":"open","ping_status":"closed","template":"","meta":{"spay_email":""},"product_cat":[19],"product_tag":[],"class_list":{"0":"post-21","1":"product","2":"type-product","3":"status-publish","4":"has-post-thumbnail","6":"product_cat-lachs","7":"product_shipping_class-de9-90-eur","9":"first","10":"instock","11":"taxable","12":"shipping-taxable","13":"purchasable","14":"product-type-simple"},"_links":{"self":[{"href":"https:\/\/test.toellners-edelfisch.de\/index.php?rest_route=\/wp\/v2\/product\/21","targetHints":{"allow":["GET"]}}],"collection":[{"href":"https:\/\/test.toellners-edelfisch.de\/index.php?rest_route=\/wp\/v2\/product"}],"about":[{"href":"https:\/\/test.toellners-edelfisch.de\/index.php?rest_route=\/wp\/v2\/types\/product"}],"replies":[{"embeddable":true,"href":"https:\/\/test.toellners-edelfisch.de\/index.php?rest_route=%2Fwp%2Fv2%2Fcomments&post=21"}],"wp:featuredmedia":[{"embeddable":true,"href":"https:\/\/test.toellners-edelfisch.de\/index.php?rest_route=\/wp\/v2\/media\/111"}],"wp:attachment":[{"href":"https:\/\/test.toellners-edelfisch.de\/index.php?rest_route=%2Fwp%2Fv2%2Fmedia&parent=21"}],"wp:term":[{"taxonomy":"product_cat","embeddable":true,"href":"https:\/\/test.toellners-edelfisch.de\/index.php?rest_route=%2Fwp%2Fv2%2Fproduct_cat&post=21"},{"taxonomy":"product_tag","embeddable":true,"href":"https:\/\/test.toellners-edelfisch.de\/index.php?rest_route=%2Fwp%2Fv2%2Fproduct_tag&post=21"}],"curies":[{"name":"wp","href":"https:\/\/api.w.org\/{rel}","templated":true}]}}