{"id":30,"date":"2021-10-14T10:13:21","date_gmt":"2021-10-14T08:13:21","guid":{"rendered":"https:\/\/test.toellners-edelfisch.de\/?post_type=product&#038;p=30"},"modified":"2021-10-29T10:14:10","modified_gmt":"2021-10-29T08:14:10","slug":"raeucheraal-280g","status":"publish","type":"product","link":"https:\/\/test.toellners-edelfisch.de\/?product=raeucheraal-280g","title":{"rendered":"R\u00e4ucheraal"},"content":{"rendered":"<h2>Ger\u00e4ucherter Aal<\/h2>\n<p>Frisch ger\u00e4ucherter Aal hat eine goldgelbe F\u00e4rbung und einen besonders delikaten Geschmack. Sein wunderbar festes, feines Fleisch und der hohe Fettanteil sind typisch f\u00fcr den Aal und sorgen f\u00fcr den ganz besonderen Aal-Geschmack, den Fischliebhaber so sch\u00e4tzen. T\u00f6llner\u2019s frische, handverlesene R\u00e4ucheraale sind von bester Qualit\u00e4t!<\/p>\n<p><strong>Unser Genie\u00dfertipp<\/strong>: Traditionell wird Aal auf Schwarzbrot gegessen. Kenner und Gourmets schw\u00f6ren auf hausgemachte Steckr\u00fcbensuppe mit R\u00e4ucheraal-Streifen.<\/p>\n<p><strong>Verarbeitung<\/strong>: Ausschlie\u00dflich frisch geschlachtete Rohware wird frisch angeliefert und in T\u00f6llner\u2019s Produktion von Hand verarbeitet und punktgenau gesalzen. T\u00f6llner&#8217;s Aale werden \u00fcber offenem Buchenholzfeuer traditionell im Altonaer Ofen ger\u00e4uchert. Hier schmeckt man das ganze K\u00f6nnen des R\u00e4uchermeisters!<\/p>\n<p><strong>Zutaten<\/strong>: Aal, Salz, Rauch<\/p>\n<p><strong>Haltbarkeit<\/strong>: mindestens 10 Tage haltbar<br \/>\nBei T\u00f6llner\u2018 Edelfisch erfolgt die Haltbarkeit durch fangfrische Schlachtung sowie durch nat\u00fcrliche konservierende Zubereitung wie Salzen, R\u00e4uchern oder W\u00fcrzen. Falls Sie R\u00e4ucheraal l\u00e4nger aufbewahren m\u00f6chten, frieren Sie ihn bitte ein.<\/p>\n<p><strong>Verpackung<\/strong>: vakuumverpackt<\/p>\n<p><strong>T\u00f6llner\u2018s Edelfisch Reinheitsgebot:<\/strong>\u00a0ohne Farbstoffe, ohne Konservierungsstoffe, ohne Geschmacksverst\u00e4rker<\/p>\n<p><strong>Herkunftsland<\/strong>: Deutschland, Aquakultur und Wildfang<\/p>\n<p><strong>Handelsbezeichnung (Lat. Bezeichnung)<\/strong>: Anguilla anguilla<\/p>\n<p><strong>\u00d8 N\u00e4hrwerte pro 100 g:<\/strong><br \/>\nBrennwert: 291 kcal \/ 1212 kJ<br \/>\nEiwei\u00df: 16 g<br \/>\nKohlenhydrate: 0 g<br \/>\nFett: 25 g<\/p>\n","protected":false},"excerpt":{"rendered":"<p>Frisch ger\u00e4ucherter Aal hat eine goldgelbe F\u00e4rbung und einen besonders delikaten Geschmack. Sein wunderbar festes, feines Fleisch und der hohe Fettanteil sind typisch f\u00fcr den Aal. Tagesfrische Produktion, frisch aus T\u00f6llner\u2019s eigener Schlachterei und R\u00e4ucherei.<\/p>\n","protected":false},"featured_media":95,"comment_status":"open","ping_status":"closed","template":"","meta":{"spay_email":""},"product_cat":[20],"product_tag":[],"class_list":{"0":"post-30","1":"product","2":"type-product","3":"status-publish","4":"has-post-thumbnail","6":"product_cat-raeucheraal","7":"product_shipping_class-de9-90-eur","9":"first","10":"instock","11":"taxable","12":"shipping-taxable","13":"purchasable","14":"product-type-variable","15":"has-default-attributes"},"_links":{"self":[{"href":"https:\/\/test.toellners-edelfisch.de\/index.php?rest_route=\/wp\/v2\/product\/30","targetHints":{"allow":["GET"]}}],"collection":[{"href":"https:\/\/test.toellners-edelfisch.de\/index.php?rest_route=\/wp\/v2\/product"}],"about":[{"href":"https:\/\/test.toellners-edelfisch.de\/index.php?rest_route=\/wp\/v2\/types\/product"}],"replies":[{"embeddable":true,"href":"https:\/\/test.toellners-edelfisch.de\/index.php?rest_route=%2Fwp%2Fv2%2Fcomments&post=30"}],"wp:featuredmedia":[{"embeddable":true,"href":"https:\/\/test.toellners-edelfisch.de\/index.php?rest_route=\/wp\/v2\/media\/95"}],"wp:attachment":[{"href":"https:\/\/test.toellners-edelfisch.de\/index.php?rest_route=%2Fwp%2Fv2%2Fmedia&parent=30"}],"wp:term":[{"taxonomy":"product_cat","embeddable":true,"href":"https:\/\/test.toellners-edelfisch.de\/index.php?rest_route=%2Fwp%2Fv2%2Fproduct_cat&post=30"},{"taxonomy":"product_tag","embeddable":true,"href":"https:\/\/test.toellners-edelfisch.de\/index.php?rest_route=%2Fwp%2Fv2%2Fproduct_tag&post=30"}],"curies":[{"name":"wp","href":"https:\/\/api.w.org\/{rel}","templated":true}]}}